{"id":301,"date":"2018-05-01T11:16:01","date_gmt":"2018-05-01T09:16:01","guid":{"rendered":"https:\/\/vikingwolves.com\/?page_id=301"},"modified":"2018-05-01T11:48:01","modified_gmt":"2018-05-01T09:48:01","slug":"gjennomgang-nuno-had-a-dream","status":"publish","type":"page","link":"https:\/\/vikingwolves.com\/?page_id=301","title":{"rendered":"Gjennomgang: Nuno had a dream"},"content":{"rendered":"<p><img loading=\"lazy\" decoding=\"async\" class=\"alignnone size-full wp-image-302\" src=\"https:\/\/vikingwolves.com\/wp-content\/uploads\/2018\/05\/Skjermbilde-2018-05-01-kl.-11.13.22.png\" alt=\"\" width=\"1184\" height=\"844\" srcset=\"https:\/\/vikingwolves.com\/wp-content\/uploads\/2018\/05\/Skjermbilde-2018-05-01-kl.-11.13.22.png 1184w, https:\/\/vikingwolves.com\/wp-content\/uploads\/2018\/05\/Skjermbilde-2018-05-01-kl.-11.13.22-300x214.png 300w, https:\/\/vikingwolves.com\/wp-content\/uploads\/2018\/05\/Skjermbilde-2018-05-01-kl.-11.13.22-768x547.png 768w, https:\/\/vikingwolves.com\/wp-content\/uploads\/2018\/05\/Skjermbilde-2018-05-01-kl.-11.13.22-1024x730.png 1024w\" sizes=\"auto, (max-width: 1184px) 100vw, 1184px\" \/><\/p>\n<p><em><strong>Nuno had a dream, to build a football team\u2026<\/strong><\/em><\/p>\n<p>31.mai 2017 til 30.april 2018. Det er g\u00e5tt elleve m\u00e5neder siden Nuno Espirito Santos ble head coach i Wolverhampton Wanderers. Paul Lambert, og resten av st\u00f8tteapparatet, fikk beskjed om \u00e5 pakke sakene og se seg om etter annet arbeid for \u00e5 gj\u00f8re Nuno til den syvende i sjefsstolen siden Mick McCarthy. 7 d\u00f8dssynder eller 7 underverker. Hva kom det til \u00e5 bli? Ikke en gang den mest optimistiske optimist kunne dr\u00f8mme om den oppturen laget, st\u00f8tteapparatet, fansen og byen har f\u00e5tt.<\/p>\n<p><em><strong>with Chinese owners\u2026<\/strong><\/em><\/p>\n<p>Jeff Shi og Fosun hadde sagt det kunne ta noe tid. Det kunne ta noen \u00e5r f\u00f8r Wolves ble Premier League igjen. Vi er her med en langsiktig plan, sa den alltid blide Jeff. Selv om han gjerne snakket h\u00f8yt om store ambisjoner og \u00f8nskene eierne hadde for klubben, viste man forst\u00e5else for at man ikke alene kan kj\u00f8pe seg til resultater. En langsiktig plan og strategi for utvikling av klubben var viktig. Etter et steg frem og to tilbake ble Nuno svaret p\u00e5 planen, -og for et valg. Hver gang han \u00e5pner munnen snakker Nuno med hjertet og hjernen. Han skaper samhold og stolthet. Han har passion. Nuno f\u00e5r spillerne, st\u00f8tteapparatet og fansen til \u00e5 tro p\u00e5 sine ideer. V\u00e5r nye head coach har f\u00e5tt spillere som tidligere var middelm\u00e5dige til \u00e5 skinne. Nuno har hentet spillere som passet i filosofien, og som kunne passe i spillergruppa.<\/p>\n<p><strong><em>and a wonderkid from Porto\u2026<\/em><\/strong><\/p>\n<p>\u00abWe`ve got Neves, Ruben Neves\u00bb 8.juli 2017. Ryktene viste seg \u00e5 stemme. I konkurranse med en rekke toppklubber signerer Ruben Neves for Wolves. Jorge Mendes er agent, og Neves signerer for 5 \u00e5r i black`n gold. Han blir presentert i en nydelig sort bortetr\u00f8ye. At Ruben Neves var god, det kunne man skj\u00f8nne siden han allerede hadde v\u00e6rt kaptein for FC Porto i Champions League, men at Ruben Neves skulle v\u00e6re i stand til \u00e5 diktere omtrent enhver kamp i en av verdens t\u00f8ffeste ligaer. Det er nesten for godt til \u00e5 v\u00e6re sant. Ruben Neves i sort og gull. 50 meters pasninger p\u00e5 lissa til medspillere. Gjennomspill av en annen verden. Scoringer vi aldri har sett maken til p\u00e5 Molineux. For et eventyr!<\/p>\n<p><em><strong>with five at the back\u2026<\/strong><\/em><\/p>\n<p>Defensivt har Wolves v\u00e6rt fantastisk stabile. Tidligere har Wolves-fans v\u00e6rt kjent med \u00e5 se motsanderne boltre seg i store rom n\u00e5r Wolves har forsvart seg. Med tre midtforsvarere og vingbacker, samt to sentrale midtbanespillere som gj\u00f8r en defensiv jobb har Wolves holdt nullen i utrolige 24 kamper denne sesongen. 36 baklengs p\u00e5 45 kamper. Den defensive soliditeten har v\u00e6rt selve grunnmuren i Wolverhamptons suksess. Det er ikke ukjent for Nuno sine lag, som alle har v\u00e6rt kjent for sin gode defensive struktur. Conor Coady har tatt utrolig ansvar i sin nye posisjon og blitt en ny fotballspiller. Willy Boly, er den mannen av kj\u00f8tt og blod? Boly virker tidvis som en superhelt der han alltid er p\u00e5 rett sted. Solid like a rock! Ryan Bennett og John Ruddy kom gratis fra Norwich og har gitt gode bidrag til et bunnsolid defensivt kollektiv.<\/p>\n<p><em><strong>and pace in attack\u2026<\/strong><\/em><\/p>\n<p>Diogo Jota, Ivan Cavaleiro og Helder Costa. Tidvis disse tre, tidvis en kombinasjon sammen med Bonatini eller Afobe. Fart, finter, gode kombinasjoner. Det m\u00e5 tidvis ha v\u00e6rt et helvete \u00e5 forsvare seg mot Wolverhampton Wanderes denne sesongen. Wolves har skapt flest sjanser av alle i Championship. Klart flest. En touch-spill, spill som snus med presisjon og hurtighet. Diogo Jota fant seg tidlig til rette og viste b\u00e5de sine egenskaper som avslutter og tilrettelegger, samtidig som han fant seg i \u00e5 bli sparket gul og bl\u00e5 l\u00f8rdag og tirsdag uke etter uke. Ivan Cavaleiro har h\u00f8rt one, two three, four \u2026oftere enn i f\u00f8r, og har funnet seg selv i Nunos lag. B\u00e5de fra start, og ved \u00e5 komme inn fra benken og sette fart i laget. Det virker som om Cav har nytt hvert \u00f8yeblikk med fotball i \u00e5r. P\u00e5 tampen av sesongen virker Helder Costa \u00e5 ha funnet tilbake danseskoene ogs\u00e5. For en lettbent tryllekunstner den mannen er n\u00e5r han er i flyt. Tenk, vi rykker opp uten \u00e5 ha sett det beste av Helder Costa.<\/p>\n<p><em><strong>We&#8217;re Wolverhampton we&#8217;re on the way back<\/strong><\/em><\/p>\n<p>Bristol City borte 6. juledag 2017. 13 minutter, kaptein Batth utvist og Nuno vist p\u00e5 tribunen. 1-0 til City fem minutter etter pause og kampen virker kj\u00f8rt. S\u00e5 noen kvikke kombinasjoner. Jota-Cav`-Neves-Cav` gjennom til Doc`. Citys keeper feller v\u00e5r h\u00f8yre vingback, utvisning, frispark rett i m\u00e5l fra Barry Douglas. S\u00e5 p\u00e5 overtid. Douglas finner pannen til Bennett p\u00e5 bakre stolpe. 1-2 og alt eksploderer i et inferno foran Wolves-benken, blant fansen og for Nuno i City sin directors box.<\/p>\n<p><em>Middlesbrough borte, langfredag 2018.\u00a0<\/em>Med noe sviktende form gikk Wolves inn i avslutningen p\u00e5 sesongen med kamper mot topp 6-lagene p\u00e5 l\u00f8pende b\u00e5nd. Den f\u00f8rste testen var kanskje den t\u00f8ffeste av alle. Borte mot Tony Pulis sitt Middlesbrough. Etter en str\u00f8ken Neves-crosser kombinerer Doc` og Costa f\u00f8r avslutningen reddes av keeper, returen havner etter hvert hos Douglas som finner Costa p\u00e5 bakre. Smash i nettaket og 1-0. Ikke lenge etter \u00f8ker Cav` p\u00e5 retur fra Bolys kanonkuleheading. S\u00e5 spisser det seg til. Neves f\u00e5r sitt 2. gule, og ikke lenger m\u00e5 Doc` f\u00f8lge portugiseren i dusjen. Med ni mann kjemper ulvene som gladiatorer, og scenene da dommeren bl\u00e5ser er elleville. Fansen jubler, og Nuno glemmer Pulis for \u00e5 juble sammen med dem.<\/p>\n<p><em>Cardiff borte, fredag 6.april. Etter\u00a0<\/em>Neves nydelige frisparkscoring eksploderer kampen i sluttminuttene da Cardiff f\u00e5r to straffespark. Det f\u00f8rste reddes av Ruddey f\u00f8r Junior Hoilett\u00a0\u00a0legger ballen til rette p\u00e5 overtid av overtiden. Som Mikey Burrows kommenterte \u00abHoilett steps up. Right footed. It`s back of the bar, it`s back of the bar. It`s headed forward. It`s wide. It`s wide. It`s wide. The game`s over. The game`s over. The game`s over. Wolves have won it. Wolves have won it. Wolves have won it. A quite incredible finish to a remarkable game\u2026\u00a0\u00a0You will never, ever, forget this night\u00bb. Resten er historie, ogs\u00e5 Warnocks fors\u00f8k p\u00e5 \u00e5 kneble Nuno som en mann med manglende manerer etter 15, eller var det 20, FUCK OFF`s.<\/p>\n<p>Man kan bli sentimental av langt mindre enn \u00e5 se h\u00f8ydepunkter fra disse tre, og mange andre Wolves-kamper i sesongen som n\u00e5 avsluttes. Sesongen har v\u00e6rt proppfull av begivenheter. Mikeys kommentator-stemme som skriker \u00abOh my goodness\u00bb n\u00e5r Neves limer ballen i vinkelen. Eller h\u00f8re skepsisen i BBC 5-studioet \u00abIt`s like Alex said, going to Millwall on a Tuesday night\u00bb f\u00f8r man f\u00e5r servert scoringene i Wolves Babbles-oppsummering.<\/p>\n<p>Snart er det ny pre-season. Ny silly-season. Vi kommer nok til \u00e5 bli linket til b\u00e5de Talisca og andre Mendes-klienter gjennom hele overgangsvinduet. Jeg gleder meg allerede til det som kommer. Vi rykker ikke opp slik vi gjorde i 2003 eller i 2009. Denne gangen rykker Wolves opp med Premier League spillere, og en moderne Premier League manager. Vi har penger \u00e5 investere og en kraft i hele byen og fanskaren som peker opp, opp og opp.<\/p>\n<p>Men enn s\u00e5 lenge kan vi nyte, at denne festen har en kamp igjen. La oss h\u00e5pe det ikke blir siste gang vi kan ta imot spillerbussen i et inferno av black`n gold r\u00f8yk p\u00e5 vei inn til stadion, eller siste gang vi har jublet over en Neves-kanon p\u00e5 Molineux.<\/p>\n<p>Fremtiden er gull og svart!<br \/>\n<strong>THE PACK ARE BACK!<\/strong><\/p>\n<p><em>tekst: Terje Melheim<br \/>\nfoto: @wolves (instagram)<\/em><\/p>\n","protected":false},"excerpt":{"rendered":"<p>Nuno had a dream, to build a football team\u2026 31.mai 2017 til 30.april 2018. Det er g\u00e5tt elleve m\u00e5neder siden Nuno Espirito Santos ble head coach i Wolverhampton Wanderers. Paul Lambert, og resten av st\u00f8tteapparatet, fikk beskjed om \u00e5 pakke sakene og se seg om etter annet arbeid for \u00e5 gj\u00f8re Nuno til den syvende [&hellip;]<\/p>\n","protected":false},"author":1,"featured_media":0,"parent":0,"menu_order":0,"comment_status":"closed","ping_status":"closed","template":"","meta":{"footnotes":""},"categories":[],"tags":[],"class_list":["post-301","page","type-page","status-publish","hentry"],"_links":{"self":[{"href":"https:\/\/vikingwolves.com\/index.php?rest_route=\/wp\/v2\/pages\/301","targetHints":{"allow":["GET"]}}],"collection":[{"href":"https:\/\/vikingwolves.com\/index.php?rest_route=\/wp\/v2\/pages"}],"about":[{"href":"https:\/\/vikingwolves.com\/index.php?rest_route=\/wp\/v2\/types\/page"}],"author":[{"embeddable":true,"href":"https:\/\/vikingwolves.com\/index.php?rest_route=\/wp\/v2\/users\/1"}],"replies":[{"embeddable":true,"href":"https:\/\/vikingwolves.com\/index.php?rest_route=%2Fwp%2Fv2%2Fcomments&post=301"}],"version-history":[{"count":3,"href":"https:\/\/vikingwolves.com\/index.php?rest_route=\/wp\/v2\/pages\/301\/revisions"}],"predecessor-version":[{"id":305,"href":"https:\/\/vikingwolves.com\/index.php?rest_route=\/wp\/v2\/pages\/301\/revisions\/305"}],"wp:attachment":[{"href":"https:\/\/vikingwolves.com\/index.php?rest_route=%2Fwp%2Fv2%2Fmedia&parent=301"}],"wp:term":[{"taxonomy":"category","embeddable":true,"href":"https:\/\/vikingwolves.com\/index.php?rest_route=%2Fwp%2Fv2%2Fcategories&post=301"},{"taxonomy":"post_tag","embeddable":true,"href":"https:\/\/vikingwolves.com\/index.php?rest_route=%2Fwp%2Fv2%2Ftags&post=301"}],"curies":[{"name":"wp","href":"https:\/\/api.w.org\/{rel}","templated":true}]}}