
            {"id":56,"date":"2017-07-26T21:04:29","date_gmt":"2017-07-26T19:04:29","guid":{"rendered":"https:\/\/vikingwolves.com\/?page_id=56"},"modified":"2021-08-05T10:27:09","modified_gmt":"2021-08-05T08:27:09","slug":"medlemskap-i-vikingwolves","status":"publish","type":"page","link":"https:\/\/vikingwolves.com\/?page_id=56","title":{"rendered":"Medlemskap i VikingWolves"},"content":{"rendered":"<p><script type=\"text\/javascript\"> \/\/<![CDATA[ var tlJsHost = ((window.location.protocol == \"https:\") ? \"https:\/\/secure.comodo.com\/\" : \"http:\/\/www.trustlogo.com\/\"); document.write(unescape(\"%3Cscript src='\" + tlJsHost + \"trustlogo\/javascript\/trustlogo.js' type='text\/javascript'%3E%3C\/script%3E\")); \/\/]]><br \/>\n<\/script><\/p>\n<p><strong>Medlemskap i VikingWolves koster 200 kr i \u00e5ret. <\/strong><em>Barn og unge (under 18 \u00e5r) betaler 50 kr per \u00e5r. Ta kontakt <a href=\"mailto:kontakt@vikingwolves.com\">her<\/a> f\u00f8rst.<\/em><\/p>\n<p><strong>\u00c5 v\u00e6re medlem i VikingWolves er f\u00f8rst og fremst \u00e5 st\u00f8tte driften av supporterklubben.<\/strong> Kort sagt s\u00e5 koster det penger \u00e5 drive supporterklubb, b\u00e5de n\u00e5r det gjelder nettsider, medlemsbase og podcast-produksjon. Det er ingen tjener noe som helst av penger p\u00e5 VikingWolves. Vi gj\u00f8r dette fordi vi mener det er viktig \u00e5 opprettholde et milj\u00f8 som samler norske Wolves-supportere, b\u00e5de gjennom detaljerte nyhetssaker p\u00e5 norsk, konkurranser, podcasten v\u00e5r Ulvehyl og &#8211; viktigst av alt &#8211; turene vi reiser p\u00e5 sammen, som VikingWolves. Og evt overskudd i klubbkassen vil alltid v\u00e6re \u00f8remerket rabbaterte medlemsturer.<\/p>\n<p><strong>Utover gleden av \u00e5 st\u00f8tte driften f\u00e5r du som medlem:<\/strong><br \/>\n&#8211; Tilgang til v\u00e5re medlemssider<br \/>\n&#8211; Mulighet til \u00e5 disponere VikingWolves&#8217; 2 sesongkort p\u00e5 Molineux<br \/>\n&#8211; Spille Fantasy League med muligheten til \u00e5 vinne Wolves-drakter<br \/>\n&#8211; Muligheten til \u00e5 representerer VikingWolves i <a href=\"http:\/\/www.supporterunionen.no\/index.php\/component\/k2\/item\/165-supportercupen-2017#\" target=\"_blank\" rel=\"noopener noreferrer\">Supportercupen<\/a><br \/>\n&#8211; Muligheten til \u00e5 v\u00e6re med p\u00e5 VikingWolves sine fellesturer<br \/>\n&#8211; V\u00e6re med i konkurranser for \u00e5 vinne Wolves-effekter<\/p>\n<p>Etter at betalingen er gjennomf\u00f8re oppretter du brukernavn\/passord for \u00e5 f\u00e5 tilgang til medlemsdelen av VikingWolves.com. Du vil f\u00e5 umiddelbar tilgang.<\/p>\n<p>Ditt medlemskap er l\u00f8pende og vi trekker 200 kr per \u00e5r til du sier opp. Om du kansellerer medlemskapet har du tilgang ut fakturerte periode.<\/p>\n\n                                <button class=\"regform-button go-regform \" name=\"go_regform\" value=\"200.00\" style=\"width: auto\" id=\"go-regform-1500475778\" class=\"\" href=\"#regform-1500475778\">\n                        Bli medlem i VikingWolves                    <\/button>\n            \n            \n\n<p><script language=\"JavaScript\" type=\"text\/javascript\"><br \/>\nTrustLogo(\"https:\/\/vikingwolves.com\/wp-content\/uploads\/2017\/07\/comodo_secure_seal_76x26_transp.png\", \"CL1\", \"none\");<br \/>\n<\/script><br \/>\n<a id=\"comodoTL\" href=\"https:\/\/ssl.comodo.com\">Comodo SSL<\/a><\/p>\n","protected":false},"excerpt":{"rendered":"<p>Medlemskap i VikingWolves koster 200 kr i \u00e5ret. Barn og unge (under 18 \u00e5r) betaler 50 kr per \u00e5r. Ta kontakt her f\u00f8rst. \u00c5 v\u00e6re medlem i VikingWolves er f\u00f8rst og fremst \u00e5 st\u00f8tte driften av supporterklubben. Kort sagt s\u00e5 koster det penger \u00e5 drive supporterklubb, b\u00e5de n\u00e5r det gjelder nettsider, medlemsbase og podcast-produksjon. Det [&hellip;]<\/p>\n","protected":false},"author":1,"featured_media":0,"parent":0,"menu_order":0,"comment_status":"closed","ping_status":"closed","template":"","meta":{"footnotes":""},"categories":[],"tags":[],"class_list":["post-56","page","type-page","status-publish","hentry"],"_links":{"self":[{"href":"https:\/\/vikingwolves.com\/index.php?rest_route=\/wp\/v2\/pages\/56","targetHints":{"allow":["GET"]}}],"collection":[{"href":"https:\/\/vikingwolves.com\/index.php?rest_route=\/wp\/v2\/pages"}],"about":[{"href":"https:\/\/vikingwolves.com\/index.php?rest_route=\/wp\/v2\/types\/page"}],"author":[{"embeddable":true,"href":"https:\/\/vikingwolves.com\/index.php?rest_route=\/wp\/v2\/users\/1"}],"replies":[{"embeddable":true,"href":"https:\/\/vikingwolves.com\/index.php?rest_route=%2Fwp%2Fv2%2Fcomments&post=56"}],"version-history":[{"count":18,"href":"https:\/\/vikingwolves.com\/index.php?rest_route=\/wp\/v2\/pages\/56\/revisions"}],"predecessor-version":[{"id":478,"href":"https:\/\/vikingwolves.com\/index.php?rest_route=\/wp\/v2\/pages\/56\/revisions\/478"}],"wp:attachment":[{"href":"https:\/\/vikingwolves.com\/index.php?rest_route=%2Fwp%2Fv2%2Fmedia&parent=56"}],"wp:term":[{"taxonomy":"category","embeddable":true,"href":"https:\/\/vikingwolves.com\/index.php?rest_route=%2Fwp%2Fv2%2Fcategories&post=56"},{"taxonomy":"post_tag","embeddable":true,"href":"https:\/\/vikingwolves.com\/index.php?rest_route=%2Fwp%2Fv2%2Ftags&post=56"}],"curies":[{"name":"wp","href":"https:\/\/api.w.org\/{rel}","templated":true}]}}